{"id":11,"date":"2024-07-29T21:20:56","date_gmt":"2024-07-29T19:20:56","guid":{"rendered":"https:\/\/troopershop.eu\/?page_id=11"},"modified":"2024-07-29T21:20:56","modified_gmt":"2024-07-29T19:20:56","slug":"elallas_visszakuldes","status":"publish","type":"page","link":"https:\/\/troopershop.eu\/index.php\/elallas_visszakuldes\/","title":{"rendered":"Visszat\u00e9r\u00edt\u00e9si \u00e9s visszak\u00fcld\u00e9si szab\u00e1lyzat"},"content":{"rendered":"\n<p><b>Olvas el figyelmesen.<\/b><\/p>\n\n\n\n<p><h3>Garanci\u00e1lis jav\u00edt\u00e1s vagy visszat\u00e9r\u00edt\u00e9s<\/h3><\/p>\n\n\n\n<p>Amennyiben meggondoltad magad \u00e9s a k\u00e9zhezv\u00e9telt\u0151l sz\u00e1m\u00edtott egy h\u00e9ten bel\u00fcl, s\u00e9r\u00fcl\u00e9smentesen visszajuttatod a megv\u00e1s\u00e1rolt term\u00e9ket visszat\u00e9r\u00edt\u00e9st k\u00e9rhetsz. Lehet\u0151s\u00e9ged van term\u00e9szetesen az esetleges sz\u00edncser\u00e9re is, amennyiben nem egyedi megrendel\u00e9sr\u0151l van sz\u00f3. Ilyenkor az els\u0151 l\u00e9p\u00e9s, hogy <strong>vedd fel vel\u00fcnk a kapcsolatot<\/strong>.<\/p>\n\n\n\n<p>A megv\u00e1s\u00e1rolt term\u00e9kekre a v\u00e1s\u00e1rl\u00e1st\u00f3l sz\u00e1m\u00edtott f\u00e9l \u00e9v garanci\u00e1t biztos\u00edtunk, amennyiben az anyagb\u00f3l vagy k\u00e9sz\u00edt\u00e9sb\u0151l sz\u00e1rmaz\u00f3 hib\u00e1r\u00f3l van sz\u00f3.<br>(A haszn\u00e1latb\u00f3l ered\u0151 s\u00e9r\u00fcl\u00e9sekre nem vonatkozik a felel\u0151ss\u00e9g\u00fcnk.)<\/p>\n\n\n\n<p>A visszasz\u00e1ll\u00edt\u00e1sn\u00e1l keletkez\u0151 s\u00e9r\u00fcl\u00e9sek a v\u00e1s\u00e1rl\u00f3kat terhelik, ez\u00e9rt mindenk\u00e9ppen \u00fcgyelj a j\u00f3 csomagol\u00e1sra vagy v\u00e1laszd a szem\u00e9lyes \u00e1tad\u00e1st. <\/p>\n\n\n\n<p>A garanci\u00e1lis felt\u00e9telek nem vonatkoznak az al\u00e1bbi term\u00e9kekre:<\/p>\n\n\n\n<ul class=\"wp-block-list\">\n<li>Aj\u00e1nd\u00e9kk\u00e1rtya<\/li>\n\n\n\n<li>Szoftverek, firmware-ek<\/li>\n\n\n\n<li>Eg\u00e9szs\u00e9g\u00fcgyi vagy azzal \u00f6sszef\u00fcgg\u0151 term\u00e9kek.<\/li>\n<\/ul>\n\n\n\n<p>To complete your return, we require a receipt or proof of purchase.<\/p>\n\n\n\n<p>Please do not send your purchase back to the manufacturer.<\/p>\n\n\n\n<p><h2>Refunds<\/h2><\/p>\n\n\n\n<p>Amennyiben k\u00e9zhez kaptuk a visszak\u00fcld\u00f6tt term\u00e9ket, \u00e9rtes\u00edteni fogunk. Szint\u00e9n \u00e9rtes\u00edt\u00fcnk amennyiben elb\u00edr\u00e1ltuk a term\u00e9ket garanci\u00e1lis szempontb\u00f3l. \u00cdgy a visszat\u00e9r\u00edt\u00e9s menet\u00e9r\u0151l vagy a term\u00e9k cser\u00e9j\u00e9vel kapcsolatban koll\u00e9g\u00e1nk fog keresni.<\/p>\n\n\n\n<p><strong>K\u00e9sedelmes visszafizet\u00e9s vagy cseredarab<\/strong> sz\u00e1ll\u00edt\u00e1sa eset\u00e9n k\u00e9rlek keress minket. Ilyenkor el\u0151fordulhat, hogy a gy\u00e1rt\u00e1shoz sz\u00fcks\u00e9ges alkatr\u00e9szre v\u00e1runk vagy a banki rendszerben van hiba. Ut\u00f3bbi tiszt\u00e1z\u00e1sa a mi \u00e9rdek\u00fcnk is.<\/p>\n\n\n\n<p><b>Akci\u00f3s term\u00e9kek<\/b><\/p>\n\n\n\n<p>Akci\u00f3s term\u00e9kekre vagy a ki\u00e1rus\u00edt\u00e1sban szerepl\u0151 (esetleg olcs\u00f3bb haszn\u00e1lt term\u00e9kekre) nem vonatkoznak a garanci\u00e1lis felt\u00e9teleink.<\/p>\n\n\n\n<p><h2>Term\u00e9kcsere<\/h2><\/p>\n\n\n\n<p>Nem \u00e1ll m\u00f3dunkban olyan term\u00e9ket cser\u00e9lni, ami felhaszn\u00e1l\u00f3 hib\u00e1b\u00f3l sz\u00e1rmaz\u00f3 hib\u00e1s vagy s\u00e9r\u00fclt. Ilyen esetben k\u00e9rj\u00fck jelezd \u00e9s igyeksz\u00fcnk \u00e9rt\u00e9kk\u00fcl\u00f6nbs\u00e9ggel besz\u00e1molni. <\/p>\n\n\n\n<p><h2>Gifts<\/h2><\/p>\n\n\n\n<p>If the item was marked as a gift when purchased and shipped directly to you, you\u2019ll receive a gift credit for the value of your return. Once the returned item is received, a gift certificate will be mailed to you.<\/p>\n\n\n\n<p>If the item wasn\u2019t marked as a gift when purchased, or the gift giver had the order shipped to themselves to give to you later, we will send a refund to the gift giver and they will find out about your return.<\/p>\n\n\n\n<p><h2>Shipping returns<\/h2><\/p>\n\n\n\n<p>To return your product, you should mail your product to: {physical address}.<\/p>\n\n\n\n<p>You will be responsible for paying for your own shipping costs for returning your item. Shipping costs are non-refundable. If you receive a refund, the cost of return shipping will be deducted from your refund.<\/p>\n\n\n\n<p>Depending on where you live, the time it may take for your exchanged product to reach you may vary.<\/p>\n\n\n\n<p>\u00c9rt\u00e9kesebb term\u00e9k v\u00e1s\u00e1rl\u00e1sa eset\u00e9n javasoljuk a szem\u00e9lyes \u00e1tv\u00e9telt vagy a biztos\u00edt\u00e1ssal ell\u00e1tott sz\u00e1ll\u00edt\u00e1si m\u00f3dokat.<\/p>\n\n\n\n<p><h2>Seg\u00edts\u00e9gre van sz\u00fcks\u00e9ged?<\/h2><\/p>\n\n\n\n<p>K\u00e9rlek \u00edrj levelet vagy keress el\u00e9rhet\u0151s\u00e9geinken.<\/p>\n\n\n\n<p><\/p>\n","protected":false},"excerpt":{"rendered":"<p>Olvas el figyelmesen. Garanci\u00e1lis jav\u00edt\u00e1s vagy visszat\u00e9r\u00edt\u00e9s Amennyiben meggondoltad magad \u00e9s a k\u00e9zhezv\u00e9telt\u0151l sz\u00e1m\u00edtott egy h\u00e9ten bel\u00fcl, s\u00e9r\u00fcl\u00e9smentesen visszajuttatod a megv\u00e1s\u00e1rolt term\u00e9ket visszat\u00e9r\u00edt\u00e9st k\u00e9rhetsz. Lehet\u0151s\u00e9ged van term\u00e9szetesen az esetleges sz\u00edncser\u00e9re is, amennyiben nem egyedi megrendel\u00e9sr\u0151l van sz\u00f3. Ilyenkor az els\u0151 l\u00e9p\u00e9s, hogy vedd fel vel\u00fcnk a kapcsolatot. A megv\u00e1s\u00e1rolt term\u00e9kekre a v\u00e1s\u00e1rl\u00e1st\u00f3l sz\u00e1m\u00edtott f\u00e9l \u00e9v [&hellip;]<\/p>\n","protected":false},"author":1,"featured_media":0,"parent":0,"menu_order":0,"comment_status":"closed","ping_status":"closed","template":"","meta":{"footnotes":""},"class_list":["post-11","page","type-page","status-publish","hentry"],"_links":{"self":[{"href":"https:\/\/troopershop.eu\/index.php\/wp-json\/wp\/v2\/pages\/11","targetHints":{"allow":["GET"]}}],"collection":[{"href":"https:\/\/troopershop.eu\/index.php\/wp-json\/wp\/v2\/pages"}],"about":[{"href":"https:\/\/troopershop.eu\/index.php\/wp-json\/wp\/v2\/types\/page"}],"author":[{"embeddable":true,"href":"https:\/\/troopershop.eu\/index.php\/wp-json\/wp\/v2\/users\/1"}],"replies":[{"embeddable":true,"href":"https:\/\/troopershop.eu\/index.php\/wp-json\/wp\/v2\/comments?post=11"}],"version-history":[{"count":1,"href":"https:\/\/troopershop.eu\/index.php\/wp-json\/wp\/v2\/pages\/11\/revisions"}],"predecessor-version":[{"id":51,"href":"https:\/\/troopershop.eu\/index.php\/wp-json\/wp\/v2\/pages\/11\/revisions\/51"}],"wp:attachment":[{"href":"https:\/\/troopershop.eu\/index.php\/wp-json\/wp\/v2\/media?parent=11"}],"curies":[{"name":"wp","href":"https:\/\/api.w.org\/{rel}","templated":true}]}}