{"id":2,"date":"2024-02-22T00:16:11","date_gmt":"2024-02-21T23:16:11","guid":{"rendered":"https:\/\/troopershop.eu\/?page_id=2"},"modified":"2025-07-12T15:56:25","modified_gmt":"2025-07-12T13:56:25","slug":"ez-egy-minta-oldal","status":"publish","type":"page","link":"https:\/\/troopershop.eu\/","title":{"rendered":"Trooper Shop"},"content":{"rendered":"\n<figure class=\"wp-block-image size-full is-resized\"><img loading=\"lazy\" decoding=\"async\" width=\"728\" height=\"90\" src=\"https:\/\/troopershop.eu\/wp-content\/uploads\/2024\/03\/TSbanner.jpg\" alt=\"\" class=\"wp-image-32\" style=\"width:802px;height:auto\" srcset=\"https:\/\/troopershop.eu\/wp-content\/uploads\/2024\/03\/TSbanner.jpg 728w, https:\/\/troopershop.eu\/wp-content\/uploads\/2024\/03\/TSbanner-300x37.jpg 300w, https:\/\/troopershop.eu\/wp-content\/uploads\/2024\/03\/TSbanner-600x74.jpg 600w\" sizes=\"auto, (max-width: 728px) 100vw, 728px\" \/><\/figure>\n\n\n\n<h2 class=\"wp-block-heading alignwide\" id=\"we-re-a-studio-in-berlin-with-an-international-practice-in-architecture-urban-planning-and-interior-design-we-believe-in-sharing-knowledge-and-promoting-dialogue-to-increase-the-creative-potential-of-collaboration\" style=\"font-size:clamp(27.894px, 1.743rem + ((1vw - 3.2px) * 1.571), 48px);line-height:1.1\">Welcome to our shop<\/h2>\n\n\n\n<p><bdo lang=\"hu\" dir=\"ltr\">Ez a trooper shop, online piactere, ahol megv\u00e1s\u00e1rolhatod vagy leadhatod rendel\u00e9sedet egy j\u00f3 min\u0151s\u00e9g\u0171 term\u00e9k\u00fcnkre. Minden term\u00e9k\u00fcnket garanci\u00e1val \u00e1ruljuk, (ami nem vonatkozik a rendellenes kezel\u00e9sre), amivel biztos\u00edtani szeretn\u00e9nk a legjobb rekl\u00e1mot, a v\u00e1s\u00e1rl\u00f3i el\u00e9gedetts\u00e9get.<br>Amennyiben nem v\u00e1s\u00e1rolni, hanem csak \u00e9rdekl\u0151dni szeretn\u00e9l vagy k\u00e9rd\u00e9sed lenne, akkor is keress meg minket nyugodtan, sz\u00edvesen seg\u00edt\u00fcnk.<\/bdo><\/p>\n\n\n\n<p><\/p>\n\n\n\n<blockquote class=\"wp-block-quote is-layout-flow wp-block-quote-is-layout-flow\">\n<p>P\u00e1r \u00e9vvel ezel\u0151tt kezdt\u00fcnk bele a Csillagok H\u00e1bor\u00faja cosplay tervez\u00e9s\u00e9be \u00e9s \u00e9p\u00edt\u00e9s\u00e9be, aminek kapcs\u00e1n rengeteg tapasztalatot szerezt\u00fcnk. <br>Tudjuk, hogy minden egyes karakter elk\u00e9sz\u00edt\u00e9s\u00e9hez sok ut\u00e1nj\u00e1r\u00e1s, kutat\u00f3munka sz\u00fcks\u00e9ges, m\u00e1sr\u00e9szr\u0151l tervez\u00e9s ut\u00e1n a nagyobb feladat ezek kivitelez\u00e9se, min\u0151s\u00e9gi megval\u00f3s\u00edt\u00e1sa. A j\u00f3 Cosplaynek nem csak val\u00f3s\u00e1gh\u0171en kell megfelelnie az eredetinek, hanem hordhat\u00f3nak, hosszabb t\u00e1von is viselhet\u0151nek kell lennie.  Ezt a tapasztalatot felhaszn\u00e1lva igyeksz\u00fcnk seg\u00edteni a hasonl\u00f3 \u00e9rdekl\u0151d\u00e9s\u0171eknek, hogy meg tudj\u00e1k val\u00f3s\u00edtani elk\u00e9pzel\u00e9s\u00fcket.<br><\/p>\n<\/blockquote>\n\n\n\n<p><\/p>\n","protected":false},"excerpt":{"rendered":"<p>Welcome to our shop Ez a trooper shop, online piactere, ahol megv\u00e1s\u00e1rolhatod vagy leadhatod rendel\u00e9sedet egy j\u00f3 min\u0151s\u00e9g\u0171 term\u00e9k\u00fcnkre. Minden term\u00e9k\u00fcnket garanci\u00e1val \u00e1ruljuk, (ami nem vonatkozik a rendellenes kezel\u00e9sre), amivel biztos\u00edtani szeretn\u00e9nk a legjobb rekl\u00e1mot, a v\u00e1s\u00e1rl\u00f3i el\u00e9gedetts\u00e9get.Amennyiben nem v\u00e1s\u00e1rolni, hanem csak \u00e9rdekl\u0151dni szeretn\u00e9l vagy k\u00e9rd\u00e9sed lenne, akkor is keress meg minket nyugodtan, sz\u00edvesen seg\u00edt\u00fcnk. [&hellip;]<\/p>\n","protected":false},"author":1,"featured_media":0,"parent":0,"menu_order":0,"comment_status":"closed","ping_status":"open","template":"","meta":{"footnotes":""},"class_list":["post-2","page","type-page","status-publish","hentry"],"_links":{"self":[{"href":"https:\/\/troopershop.eu\/index.php\/wp-json\/wp\/v2\/pages\/2","targetHints":{"allow":["GET"]}}],"collection":[{"href":"https:\/\/troopershop.eu\/index.php\/wp-json\/wp\/v2\/pages"}],"about":[{"href":"https:\/\/troopershop.eu\/index.php\/wp-json\/wp\/v2\/types\/page"}],"author":[{"embeddable":true,"href":"https:\/\/troopershop.eu\/index.php\/wp-json\/wp\/v2\/users\/1"}],"replies":[{"embeddable":true,"href":"https:\/\/troopershop.eu\/index.php\/wp-json\/wp\/v2\/comments?post=2"}],"version-history":[{"count":7,"href":"https:\/\/troopershop.eu\/index.php\/wp-json\/wp\/v2\/pages\/2\/revisions"}],"predecessor-version":[{"id":96,"href":"https:\/\/troopershop.eu\/index.php\/wp-json\/wp\/v2\/pages\/2\/revisions\/96"}],"wp:attachment":[{"href":"https:\/\/troopershop.eu\/index.php\/wp-json\/wp\/v2\/media?parent=2"}],"curies":[{"name":"wp","href":"https:\/\/api.w.org\/{rel}","templated":true}]}}