{"id":87,"date":"2024-11-22T02:36:22","date_gmt":"2024-11-22T01:36:22","guid":{"rendered":"https:\/\/troopershop.eu\/?post_type=product&#038;p=87"},"modified":"2024-11-22T02:44:33","modified_gmt":"2024-11-22T01:44:33","slug":"birodalmi-tiszti-sapka","status":"publish","type":"product","link":"https:\/\/troopershop.eu\/index.php\/termek\/birodalmi-tiszti-sapka\/","title":{"rendered":"Birodalmi tiszti sapka"},"content":{"rendered":"<p>Megfelel az 501-es l\u00e9gi\u00f3 k\u00f6vetelm\u00e9nyeinek. A sapka v\u00e1szon anyag\u00f3l k\u00e9sz\u00fcl, az eredeti alkatr\u00e9sszel megegyez\u0151 f\u00e9m sapkad\u00edsszel. Megrendel\u00e9s szerinti m\u00e9retben gy\u00e1rtjuk.<\/p>\n","protected":false},"excerpt":{"rendered":"<p>Birodalmi tiszti sapka. Rendelhet\u0151 k\u00fcl\u00f6nb\u00f6z\u0151 sz\u00edn\u0171 anyagokb\u00f3l.<\/p>\n","protected":false},"featured_media":86,"comment_status":"open","ping_status":"closed","template":"","meta":[],"product_brand":[],"product_cat":[17,43],"product_tag":[42],"class_list":{"0":"post-87","1":"product","2":"type-product","3":"status-publish","4":"has-post-thumbnail","6":"product_cat-clothes","7":"product_cat-sapka","8":"product_tag-sapka","10":"first","11":"instock","12":"taxable","13":"shipping-taxable","14":"purchasable","15":"product-type-variable","16":"has-default-attributes"},"_links":{"self":[{"href":"https:\/\/troopershop.eu\/index.php\/wp-json\/wp\/v2\/product\/87","targetHints":{"allow":["GET"]}}],"collection":[{"href":"https:\/\/troopershop.eu\/index.php\/wp-json\/wp\/v2\/product"}],"about":[{"href":"https:\/\/troopershop.eu\/index.php\/wp-json\/wp\/v2\/types\/product"}],"replies":[{"embeddable":true,"href":"https:\/\/troopershop.eu\/index.php\/wp-json\/wp\/v2\/comments?post=87"}],"wp:featuredmedia":[{"embeddable":true,"href":"https:\/\/troopershop.eu\/index.php\/wp-json\/wp\/v2\/media\/86"}],"wp:attachment":[{"href":"https:\/\/troopershop.eu\/index.php\/wp-json\/wp\/v2\/media?parent=87"}],"wp:term":[{"taxonomy":"product_brand","embeddable":true,"href":"https:\/\/troopershop.eu\/index.php\/wp-json\/wp\/v2\/product_brand?post=87"},{"taxonomy":"product_cat","embeddable":true,"href":"https:\/\/troopershop.eu\/index.php\/wp-json\/wp\/v2\/product_cat?post=87"},{"taxonomy":"product_tag","embeddable":true,"href":"https:\/\/troopershop.eu\/index.php\/wp-json\/wp\/v2\/product_tag?post=87"}],"curies":[{"name":"wp","href":"https:\/\/api.w.org\/{rel}","templated":true}]}}